{"id":296,"date":"2024-03-11T10:21:54","date_gmt":"2024-03-11T09:21:54","guid":{"rendered":"https:\/\/lp.compensa.pl\/voyage\/?page_id=296"},"modified":"2025-04-22T17:18:10","modified_gmt":"2025-04-22T15:18:10","slug":"prace-serwisowe","status":"publish","type":"page","link":"https:\/\/lp.compensa.pl\/ubezpieczenie-turystyczne\/prace-serwisowe\/","title":{"rendered":"Jak sprawi\u0107, by Twoje wakacje nie zamieni\u0142y si\u0119 w finansowy koszmar?"},"content":{"rendered":"<div id=\"\" class=\"top-navigation\" style=\"background-image: url(https:\/\/lp.compensa.pl\/ubezpieczenie-turystyczne\/wp-content\/uploads\/sites\/17\/2025\/03\/wnr_podroz_hero_main.jpg)\">\n    <div class=\"container\">\n        <section class=\"col-lg-5 col-md-7 col-sm-8 col-12 baner-top banner-top__mieszkania-template\" id=\"\"  >\n                            <h1 class=\"baner-top__header text--header text--color-tertiary\">\n                    Jak sprawi\u0107, by Twoje wakacje nie zamieni\u0142y si\u0119 w finansowy koszmar?                <\/h1>\n                        <div class=\"baner-top__description text\">\n                <p>To, co przeczytasz na tej stronie, nie jest straszakiem ani marketingowym trikiem. To efekt lat do\u015bwiadcze\u0144 i tysi\u0105ce sytuacji, w kt\u00f3rych jedno ubezpieczenie zrobi\u0142o ogromn\u0105 r\u00f3\u017cnic\u0119.<\/p>\n            <\/div>\n                            <div class=\"baner-top__box-button\">\n                    <a href=\"https:\/\/www.compensa.pl\/ubezpieczenie\/ubezpieczenie-turystyczne\/\" class=\"button button--primary text text--weight-bold text--uppercase js-button-scroll-offer baner-top__box-button--link\" target=\"_blank\" rel=\"noopener\">\n                        Sprawd\u017a                    <\/a>\n                <\/div>\n                    <\/section>\n    <\/div>\n<\/div>\n\n\n        <section id=\"\"   class=\"apartment-house\" id=\"zapewnij_doradztwo\">\n        <div class=\"container\">\n            <div class=\"apartment-house__header\">\n                \n            <h2 class=\"text--header text--header-h2\">\n                To po prostu dzia\u0142a \n            <\/h2>                            <\/div>\n            <div class=\"apartment-house__tiles\">\n                <span class=\"apartment-house__border-all\"><\/span>\n                <div class=\"row\">\n                                            <div class=\"apartment-house__section col-xs-4\">\n                            <div class=\"apartment-house__section--info d-flex align-items-center\">\n                                <div class=\"apartment-house__img d-flex\">\n                                    <span class=\"text--header apartment-house__radius-number  \">\n                                        1                                    <\/span>\n                                    <img decoding=\"async\" class=\" \" src=\"https:\/\/lp.compensa.pl\/ubezpieczenie-turystyczne\/wp-content\/uploads\/sites\/17\/2025\/03\/podroz_208_320_2.jpg\" alt=\"img\">\n                                <\/div>\n                                <span class=\"apartment-house__text text\">\n                                    <p>Marta czeka\u0142a na te wakacje od miesi\u0119cy. Mia\u0142o by\u0107 idealnie \u2013 w\u0142oska Toskania, rowery, wino, zdj\u0119cia pod cyprysami. Wszystko dopi\u0119te na ostatni guzik.<\/p>\n                                <\/span>\n                            <\/div>\n                        <\/div>\n                                            <div class=\"apartment-house__section col-xs-4\">\n                            <div class=\"apartment-house__section--info d-flex align-items-center\">\n                                <div class=\"apartment-house__img d-flex\">\n                                    <span class=\"text--header apartment-house__radius-number apartment-house__radius-number--reverse \">\n                                        2                                    <\/span>\n                                    <img decoding=\"async\" class=\"apartment-house__img--reverse \" src=\"https:\/\/lp.compensa.pl\/ubezpieczenie-turystyczne\/wp-content\/uploads\/sites\/17\/2025\/03\/podroz_208_320_3.jpg\" alt=\"img\">\n                                <\/div>\n                                <span class=\"apartment-house__text text\">\n                                    <p>Trzeciego dnia urlopu, podczas zjazdu ze wzg\u00f3rza, Marta straci\u0142a r\u00f3wnowag\u0119. Upadek. B\u00f3l nie do opisania. Diagnoza w lokalnym szpitalu: z\u0142amana noga i konieczno\u015b\u0107 transportu medycznego do Polski.<\/p>\n                                <\/span>\n                            <\/div>\n                        <\/div>\n                                            <div class=\"apartment-house__section col-xs-4\">\n                            <div class=\"apartment-house__section--info d-flex align-items-center\">\n                                <div class=\"apartment-house__img d-flex\">\n                                    <span class=\"text--header apartment-house__radius-number  \">\n                                        3                                    <\/span>\n                                    <img decoding=\"async\" class=\" \" src=\"https:\/\/lp.compensa.pl\/ubezpieczenie-turystyczne\/wp-content\/uploads\/sites\/17\/2025\/03\/podroz_208_320.jpg\" alt=\"img\">\n                                <\/div>\n                                <span class=\"apartment-house__text text\">\n                                    <p>W takich momentach nie pytasz, ile to kosztuje \u2013 pytasz, kto pomo\u017ce. Na szcz\u0119\u015bcie Marta mia\u0142a nasze ubezpieczenie podr\u00f3\u017cne. Nie musia\u0142a wyci\u0105ga\u0107 ani jednego euro z kieszeni.<\/p>\n                                <\/span>\n                            <\/div>\n                        <\/div>\n                                    <\/div>\n            <\/div>\n            \n            <div class=\"apartment-house__button\">\n                <a href=\"https:\/\/www.compensa.pl\/ubezpieczenie\/ubezpieczenie-turystyczne\/\" class=\"button button--primary text--header text--reset-anchor flexi-content__button\" target=\"_blank\" rel=\"noopener\">\n                    KUP ONLINE\n                <\/a>\n            <\/div>        <\/div>\n    <\/section>\n\n\n<div id=\"\" class=\"container\">\n\t<section class=\"information-bar\" id=\"\" >\n                <div class=\"information-bar__text text information-bar__center\">\n            <div class=\"information-bar__header header-agent--h1\"><\/div>\n            <div class=\"information-bar__information\"><p>Transport? Pokryty. Leczenie? Zorganizowane. Stres? Ograniczony do minimum.<br \/>\nMarta wr\u00f3ci\u0142a do domu szybciej, ni\u017c si\u0119 spodziewa\u0142a \u2013 i z lekcj\u0105, kt\u00f3r\u0105 zapami\u0119ta na zawsze: <strong>wakacje to nie czas na ryzyko<\/strong>.<\/p>\n<\/div>\n            \n        <a href=\"https:\/\/www.compensa.pl\/ubezpieczenie\/ubezpieczenie-turystyczne\/\" class=\"information-bar__button button button--secondary text--reset-anchor text--weight-bold text--uppercase\" target=\"_blank\" rel=\"noopener\">\n            KUP ONLINE\n        <\/a>        <\/div>\n\t<\/section>\n<\/div>\n\n\n\n\n<section class=\"three-packages three-packages__background\" id=\"\">\n    <div class=\"container\">\n        <h2 class=\"text--header text--header-h2\">\n            Czy wiesz, \u017ce&#8230;        <\/h2>\n        <div class=\"text three-packages__additional-content\">\n                    <\/div>\n        <div class=\"three-packages__container--background\">\n            <div class=\"row\">\n                                        <div class=\"col-sm-3 three-packages__col\">\n                            <div class=\"three-packages__wraper--background\">\n                                                                    <div class=\"three-packages__icon-box three-packages__icon-box--background\">\n                                                                                    <img decoding=\"async\"\n                                                src=\"https:\/\/lp.compensa.pl\/ubezpieczenie-turystyczne\/wp-content\/uploads\/sites\/17\/2025\/01\/73_chlopiec_temblak.svg\"\n                                                alt=\"icon\"\n                                                class=\"three-packages__icon three-packages__icon--background\"\n                                            >\n                                                                            <\/div>\n                                                                <span class=\"three-packages__text-header text\">\n                                                                                                        <span >\n                                        500 euro                                    <\/span>\n                                                                <\/span>\n                                <span class=\"three-packages__text-box three-packages__text-box--background text\">\n                                    <p>Jednorazowa wizyta ambulatoryjna za granic\u0105 mo\u017ce kosztowa\u0107 nawet <strong>500 euro<\/strong><\/p>\n                                <\/span>\n                                                            <\/div>\n                        <\/div>\n                                        <div class=\"col-sm-3 three-packages__col\">\n                            <div class=\"three-packages__wraper--background\">\n                                                                    <div class=\"three-packages__icon-box three-packages__icon-box--background\">\n                                                                                    <img decoding=\"async\"\n                                                src=\"https:\/\/lp.compensa.pl\/ubezpieczenie-turystyczne\/wp-content\/uploads\/sites\/17\/2025\/01\/2_polisa-rezygnacja.svg\"\n                                                alt=\"icon\"\n                                                class=\"three-packages__icon three-packages__icon--background\"\n                                            >\n                                                                            <\/div>\n                                                                <span class=\"three-packages__text-header text\">\n                                                                                                        <span >\n                                        1000 euro                                    <\/span>\n                                                                <\/span>\n                                <span class=\"three-packages__text-box three-packages__text-box--background text\">\n                                    <p>Dobowy pobyt w szpitalu to koszt <strong>od 500 do 1000 euro<\/strong><\/p>\n                                <\/span>\n                                                            <\/div>\n                        <\/div>\n                                        <div class=\"col-sm-3 three-packages__col\">\n                            <div class=\"three-packages__wraper--background\">\n                                                                    <div class=\"three-packages__icon-box three-packages__icon-box--background\">\n                                                                                    <img decoding=\"async\"\n                                                src=\"https:\/\/lp.compensa.pl\/ubezpieczenie-turystyczne\/wp-content\/uploads\/sites\/17\/2025\/01\/55_kule_ortopedyczne.svg\"\n                                                alt=\"icon\"\n                                                class=\"three-packages__icon three-packages__icon--background\"\n                                            >\n                                                                            <\/div>\n                                                                <span class=\"three-packages__text-header text\">\n                                                                                                        <span >\n                                        6000 euro                                    <\/span>\n                                                                <\/span>\n                                <span class=\"three-packages__text-box three-packages__text-box--background text\">\n                                    <p>Zabieg artroskopii kosztuje oko\u0142o <strong>6000 euro<\/strong><\/p>\n                                <\/span>\n                                                            <\/div>\n                        <\/div>\n                                        <div class=\"col-sm-3 three-packages__col\">\n                            <div class=\"three-packages__wraper--background\">\n                                                                    <div class=\"three-packages__icon-box three-packages__icon-box--background\">\n                                                                                    <img decoding=\"async\"\n                                                src=\"https:\/\/lp.compensa.pl\/ubezpieczenie-turystyczne\/wp-content\/uploads\/sites\/17\/2025\/01\/2_polisa-rezygnacja.svg\"\n                                                alt=\"icon\"\n                                                class=\"three-packages__icon three-packages__icon--background\"\n                                            >\n                                                                            <\/div>\n                                                                <span class=\"three-packages__text-header text\">\n                                                                                                        <span >\n                                        15000 euro                                    <\/span>\n                                                                <\/span>\n                                <span class=\"three-packages__text-box three-packages__text-box--background text\">\n                                    <p>Transport do Polski po wypadku mo\u017ce kosztowa\u0107 <strong>nawet 15000 euro<\/strong><\/p>\n                                <\/span>\n                                                            <\/div>\n                        <\/div>\n                            <\/div>\n        <\/div>\n        \n    <div class=\"three-packages__button\">\n            <a href=\"https:\/\/www.compensa.pl\/ubezpieczenie\/ubezpieczenie-turystyczne\/\" class=\"button button--primary text--header text--reset-anchor flexi-content__button\" target=\"_blank\" rel=\"noopener\">\n                KUP ONLINE\n            <\/a>\n        <\/div>    <\/div>\n<\/section>\n\n\n<div id=\"\" class=\"container\">\n\t<section class=\"flexi-content\" id=\"\">\n\t\t\n\t\t\t\t\t<div class=\"row d-flex flexi-content__rotation flexi-content__rotation--left \">\n\t\t\t\t<div class=\"col-lg-6 col-xs-5 d-flex flex-column justify-content-center\">\n\t\t\t\t\t\t\t\t\t\t\t<h2 class=\"text--header flexi-content__header flexi-content__header--big\">\n\t\t\t\t\t\t\tNie zostawiaj tego przypadkowi\t\t\t\t\t\t<\/h2>\n\t\t\t\t\t<!--                    -->                    <div class=\"flexi-content__images-box-mobile mt-xs-0 mt-5 d-xs-none d-block\">\n                        <img decoding=\"async\" src=\"https:\/\/lp.compensa.pl\/ubezpieczenie-turystyczne\/wp-content\/uploads\/sites\/17\/2025\/03\/wnr_podroz_hero_main_mob.jpg\" alt=\"\">\n                    <\/div>\n<!--                    -->\t\t\t\t\t<div class=\"flexi-content__description text\">\n\t\t\t\t\t\t<p>Ubezpieczenie podr\u00f3\u017cne to nie wydatek \u2013 to spok\u00f3j. I mo\u017cesz mie\u0107 go <strong>ju\u017c od 4 z\u0142 dziennie<\/strong> (minimalna sk\u0142adka to tylko 10 z\u0142!)<\/p>\n<ul>\n<li>Dzia\u0142a ju\u017c od wyj\u015bcia z domu<\/li>\n<li>Chroni Ci\u0119 nawet po spo\u017cyciu alkoholu<\/li>\n<li>Obejmuje sporty, zwiedzanie, wypadki i&#8230; wakacyjne wpadki<\/li>\n<li>Dzia\u0142a na ca\u0142ym \u015bwiecie \u2013 bez wyj\u0105tk\u00f3w<\/li>\n<\/ul>\n\t\t\t\t\t<\/div>\n\t\t\t\t\t\t\t\t\t\t\t<a href=\"https:\/\/www.compensa.pl\/ubezpieczenie\/ubezpieczenie-turystyczne\/\" class=\"button button--primary text--header text--reset-anchor flexi-content__button js-button-modal-video\" target=\"_blank\" rel=\"noopener\">\n\t\t\t\t\t\t\tKUP ONLINE\t\t\t\t\t\t<\/a>\n\t\t\t\t\t\t\t\t\t<\/div>\n\n                    <div class=\"col-lg-6 col-xs-7 flexi-content__images-box mt-xs-0 mt-5 d-none d-xs-block\">\n                        <img decoding=\"async\" src=\"https:\/\/lp.compensa.pl\/ubezpieczenie-turystyczne\/wp-content\/uploads\/sites\/17\/2025\/03\/wnr_podroz_hero_main_mob.jpg\" alt=\"\">\n                    <\/div>\n\n\t\t\t<\/div>\n\t\t\t\t\t<div class=\"row d-flex flexi-content__rotation flexi-content__rotation--right \">\n\t\t\t\t<div class=\"col-lg-6 col-xs-5 d-flex flex-column justify-content-center\">\n\t\t\t\t\t<!--                    -->                    <div class=\"flexi-content__images-box-mobile mt-xs-0 mt-5 d-xs-none d-block\">\n                        <img decoding=\"async\" src=\"https:\/\/lp.compensa.pl\/ubezpieczenie-turystyczne\/wp-content\/uploads\/sites\/17\/2024\/01\/Compensa-blob-1111.png\" alt=\"\">\n                    <\/div>\n<!--                    -->\t\t\t\t\t<div class=\"flexi-content__description text\">\n\t\t\t\t\t\t<p>To historia jednej z tysi\u0119cy os\u00f3b, kt\u00f3re mia\u0142y szcz\u0119\u015bcie by\u0107 zabezpieczone. A je\u015bli Ty r\u00f3wnie\u017c nie chcesz, by jedna chwila przekre\u015bli\u0142a miesi\u0105ce plan\u00f3w \u2013 <strong>zadbaj o siebie teraz<\/strong>.<\/p>\n<p>Kup ubezpieczenie ju\u017c dzi\u015b \u2013 nawet na ostatni\u0105 chwil\u0119. Bez zb\u0119dnych formalno\u015bci, bez stresu. Bo podr\u00f3\u017cowanie ma by\u0107 przyjemno\u015bci\u0105, nie ryzykiem.<\/p>\n<p>\ud83d\udc49 <strong>Ju\u017c od 4 z\u0142 dziennie. Sprawd\u017a, zanim wyruszysz.<\/strong><\/p>\n\t\t\t\t\t<\/div>\n\t\t\t\t\t\t\t\t\t\t\t<a href=\"https:\/\/www.compensa.pl\/ubezpieczenie\/ubezpieczenie-turystyczne\/\/\" class=\"button button--primary text--header text--reset-anchor flexi-content__button js-button-modal-video\" target=\"_blank\" rel=\"noopener\">\n\t\t\t\t\t\t\tKUP ONLINE\t\t\t\t\t\t<\/a>\n\t\t\t\t\t\t\t\t\t<\/div>\n\n                    <div class=\"col-lg-6 col-xs-7 flexi-content__images-box mt-xs-0 mt-5 d-none d-xs-block\">\n                        <img decoding=\"async\" src=\"https:\/\/lp.compensa.pl\/ubezpieczenie-turystyczne\/wp-content\/uploads\/sites\/17\/2024\/01\/Compensa-blob-1111.png\" alt=\"\">\n                    <\/div>\n\n\t\t\t<\/div>\n\t\t\t<\/section>\n<\/div>\n","protected":false},"excerpt":{"rendered":"","protected":false},"author":10,"featured_media":0,"parent":0,"menu_order":0,"comment_status":"closed","ping_status":"closed","template":"","meta":{"_acf_changed":false,"inline_featured_image":false,"footnotes":""},"class_list":["post-296","page","type-page","status-publish","hentry"],"acf":[],"_links":{"self":[{"href":"https:\/\/lp.compensa.pl\/ubezpieczenie-turystyczne\/wp-json\/wp\/v2\/pages\/296","targetHints":{"allow":["GET"]}}],"collection":[{"href":"https:\/\/lp.compensa.pl\/ubezpieczenie-turystyczne\/wp-json\/wp\/v2\/pages"}],"about":[{"href":"https:\/\/lp.compensa.pl\/ubezpieczenie-turystyczne\/wp-json\/wp\/v2\/types\/page"}],"author":[{"embeddable":true,"href":"https:\/\/lp.compensa.pl\/ubezpieczenie-turystyczne\/wp-json\/wp\/v2\/users\/10"}],"replies":[{"embeddable":true,"href":"https:\/\/lp.compensa.pl\/ubezpieczenie-turystyczne\/wp-json\/wp\/v2\/comments?post=296"}],"version-history":[{"count":22,"href":"https:\/\/lp.compensa.pl\/ubezpieczenie-turystyczne\/wp-json\/wp\/v2\/pages\/296\/revisions"}],"predecessor-version":[{"id":924,"href":"https:\/\/lp.compensa.pl\/ubezpieczenie-turystyczne\/wp-json\/wp\/v2\/pages\/296\/revisions\/924"}],"wp:attachment":[{"href":"https:\/\/lp.compensa.pl\/ubezpieczenie-turystyczne\/wp-json\/wp\/v2\/media?parent=296"}],"curies":[{"name":"wp","href":"https:\/\/api.w.org\/{rel}","templated":true}]}}